{"id":428,"date":"2015-11-23T18:59:01","date_gmt":"2015-11-23T09:59:01","guid":{"rendered":"http:\/\/www.jdg-yamaguchi.jp\/?page_id=428"},"modified":"2017-02-20T14:20:36","modified_gmt":"2017-02-20T05:20:36","slug":"%e5%8d%94%e4%bc%9a%e3%81%ab%e3%81%a4%e3%81%84%e3%81%a6","status":"publish","type":"page","link":"https:\/\/www.jdg-yamaguchi.jp\/?page_id=428","title":{"rendered":"\u5354\u4f1a\u306b\u3064\u3044\u3066"},"content":{"rendered":"<p>\u672c\u5354\u4f1a\u306f\u65e5\u72ec\u4e21\u56fd\u6c11\u306e\u53cb\u597d\u89aa\u5584\u3092\u306f\u304b\u308a\u3001\u76f8\u4e92\u306e\u7406\u89e3\u3068\u4ea4\u6d41\u3092\u4fc3\u9032\u3059\u308b\u3053\u3068\u3092\u76ee\u7684\u306b\u3001\u5e73\u6210\uff13\u5e74\uff08\uff11\uff19\uff19\uff11\u5e74\uff09\u306b\u5c71\u53e3\u5e02\u306b\u4e8b\u52d9\u5c40\u3092\u7f6e\u304d\u3001\u8a2d\u7acb\u3055\u308c\u307e\u3057\u305f\u3002\u73fe\u5728\u306f\u7d04\uff11\uff14\uff10\u540d\u306e\u4f1a\u54e1\u306e\u65b9\u304c\u3044\u307e\u3059\u3002\u5c71\u53e3\u770c\u306b\u304a\u3051\u308b\u65e5\u72ec\u6587\u5316\u306e\u76f8\u4e92\u4ea4\u6d41\u306e\u305f\u3081\u3001\u69d8\u3005\u306a\u4e8b\u696d\u3092\u5c55\u958b\u3057\u3066\u3044\u307e\u3059\u3002<\/p>\n<p>\u4e3b\u306a\u884c\u4e8b\u3068\u3057\u3066\u306f\u3001\u30c9\u30a4\u30c1\u30a7\u30b9\u30fb\u30d5\u30a7\u30b9\u30c8\uff08\u30c9\u30a4\u30c4\u796d\u308a\uff09\u3001\u30be\u30f3\u30de\u30fc\u30fb\u30d5\u30a7\u30b9\u30c8\uff08\u590f\u796d\u308a\uff09\u3001\u30af\u30ea\u30b9\u30de\u30b9\u30fb\u30d1\u30fc\u30c6\u30a3\u30fc\u3001\u30ea\u30f3\u30c7\u30f3\u30d0\u30fc\u30e0\u30fb\u30d4\u30af\u30cb\u30c3\u30af\u3001\u30c9\u30a4\u30c4\u30fb\u30ef\u30a4\u30f3\u9451\u8cde\u306e\u5bb5\u3001\u30c9\u30a4\u30c4\u6599\u7406\u6559\u5ba4\u3001\u30c9\u30a4\u30c4\u30fb\u30aa\u30fc\u30b9\u30c8\u30ea\u30a2\u4eba\uff08\u307e\u305f\u306f\u30c9\u30a4\u30c4\u8a9e\u570f\u306e\uff09\u4f5c\u5bb6\u81ea\u4f5c\u6717\u8aad\u4f1a\u3001\u97f3\u697d\u4f1a\u30fb\u8b1b\u6f14\u4f1a\u306e\u958b\u50ac\u3001\u4f1a\u5831\u306e\u767a\u884c\u7b49\u306e\u6d3b\u52d5\u3092\u884c\u3063\u3066\u3044\u307e\u3059\u3002\u307e\u305f\u5e73\u6210\uff11\uff15\u5e74\uff08\uff12\uff10\uff10\uff13\u5e74\uff09\u304b\u3089\u306f\u3001\u5c71\u53e3\u770c\u4e0b\u306e\u30e8\u30fc\u30ed\u30c3\u30d1\u95a2\u4fc2\u306e\u56fd\u969b\u4ea4\u6d41\u56e3\u4f53\u3068\u306e\u5171\u50ac\u3067\u3001\u5c71\u53e3\u56fd\u969b\u4ea4\u6d41\u82b8\u8853\u796d\u3092\u958b\u50ac\u3057\u3066\u3044\u307e\u3059\u3002<\/p>\n<p>Die Japanisch-Deutsche Gesellschaft Yamaguchi wurde im Jahr 1991 gegr\u00fcndet, hat\u00a0 zwei gro\u00dfe Ziele: die Freundschaft zwischen Japan und Deutschland zu f\u00f6rdern, und das gegenseitige Verst\u00e4ndnis und den Austausch zu vertiefen.<\/p>\n<p>Die Gesellschaft hat derzeit ca. 140 Mitglied und organisiert regelm\u00e4\u00dfig verschiedene Veranstaltungen: das Deutsche Fest, das Sommerfest, die Weihnachtsfeier, das Lindenbaum Picknick, einen Abend deutsches Weins, Kochunterricht f\u00fcr deutsche Gerichte, die Dichterlesungen mit deutschsprachigen Gegenwartsautoren, Konzerte und Vortr\u00e4ge.\u00a0Die Gesellschaft nimmt auch seit 2003 am \u201cKulturfest des internationalen Austauschs in Yamaguchi\u201d teil.<\/p>\n","protected":false},"excerpt":{"rendered":"<p>\u672c\u5354\u4f1a\u306f\u65e5\u72ec\u4e21\u56fd\u6c11\u306e\u53cb\u597d\u89aa\u5584\u3092\u306f\u304b\u308a\u3001\u76f8\u4e92\u306e\u7406\u89e3\u3068\u4ea4\u6d41\u3092\u4fc3\u9032\u3059\u308b\u3053\u3068\u3092\u76ee\u7684\u306b\u3001\u5e73\u6210\uff13\u5e74\uff08\uff11\uff19\uff19\uff11\u5e74\uff09\u306b\u5c71\u53e3\u5e02\u306b\u4e8b\u52d9\u5c40\u3092\u7f6e\u304d\u3001\u8a2d\u7acb\u3055\u308c\u307e\u3057\u305f\u3002\u73fe\u5728\u306f\u7d04\uff11\uff14\uff10\u540d\u306e\u4f1a\u54e1\u306e\u65b9\u304c\u3044\u307e\u3059\u3002\u5c71\u53e3\u770c\u306b\u304a\u3051\u308b\u65e5\u72ec\u6587\u5316\u306e\u76f8\u4e92\u4ea4\u6d41\u306e\u305f\u3081\u3001\u69d8\u3005 <a class=\"more-link\" href=\"https:\/\/www.jdg-yamaguchi.jp\/?page_id=428\">\u7d9a\u304d\u3092\u8aad\u3080 <span class=\"screen-reader-text\">  \u5354\u4f1a\u306b\u3064\u3044\u3066<\/span><span class=\"meta-nav\">&rarr;<\/span><\/a><\/p>\n","protected":false},"author":1,"featured_media":0,"parent":0,"menu_order":0,"comment_status":"closed","ping_status":"closed","template":"","meta":{"spay_email":""},"_links":{"self":[{"href":"https:\/\/www.jdg-yamaguchi.jp\/index.php?rest_route=\/wp\/v2\/pages\/428"}],"collection":[{"href":"https:\/\/www.jdg-yamaguchi.jp\/index.php?rest_route=\/wp\/v2\/pages"}],"about":[{"href":"https:\/\/www.jdg-yamaguchi.jp\/index.php?rest_route=\/wp\/v2\/types\/page"}],"author":[{"embeddable":true,"href":"https:\/\/www.jdg-yamaguchi.jp\/index.php?rest_route=\/wp\/v2\/users\/1"}],"replies":[{"embeddable":true,"href":"https:\/\/www.jdg-yamaguchi.jp\/index.php?rest_route=%2Fwp%2Fv2%2Fcomments&post=428"}],"version-history":[{"count":3,"href":"https:\/\/www.jdg-yamaguchi.jp\/index.php?rest_route=\/wp\/v2\/pages\/428\/revisions"}],"predecessor-version":[{"id":554,"href":"https:\/\/www.jdg-yamaguchi.jp\/index.php?rest_route=\/wp\/v2\/pages\/428\/revisions\/554"}],"wp:attachment":[{"href":"https:\/\/www.jdg-yamaguchi.jp\/index.php?rest_route=%2Fwp%2Fv2%2Fmedia&parent=428"}],"curies":[{"name":"wp","href":"https:\/\/api.w.org\/{rel}","templated":true}]}}